{"id":1099,"date":"2021-11-16T12:33:04","date_gmt":"2021-11-16T12:33:04","guid":{"rendered":"http:\/\/www.studiohome.lt\/pagrindinis\/"},"modified":"2024-09-19T10:44:35","modified_gmt":"2024-09-19T10:44:35","slug":"pagrindinis","status":"publish","type":"page","link":"http:\/\/www.studiohome.lt\/en\/","title":{"rendered":"Pagrindinis"},"content":{"rendered":"\t<section class=\"section\" id=\"section_1265032831\">\n\t\t<div class=\"bg section-bg fill bg-fill  bg-loaded\" >\n\n\t\t\t\n\t\t\t\n\t\t\t\n\n\t\t<\/div>\n\n\t\t<div class=\"section-content relative\">\n\t\t\t\n<div class=\"slider-wrapper relative\" id=\"slider-592654553\" >\n    <div class=\"slider slider-type-fade slider-nav-simple slider-nav-large slider-nav-dark slider-style-normal\"\n        data-flickity-options='{\n            \"cellAlign\": \"center\",\n            \"imagesLoaded\": true,\n            \"lazyLoad\": 1,\n            \"freeScroll\": false,\n            \"wrapAround\": true,\n            \"autoPlay\": 6000,\n            \"pauseAutoPlayOnHover\" : true,\n            \"prevNextButtons\": true,\n            \"contain\" : true,\n            \"adaptiveHeight\" : true,\n            \"dragThreshold\" : 10,\n            \"percentPosition\": true,\n            \"pageDots\": true,\n            \"rightToLeft\": false,\n            \"draggable\": true,\n            \"selectedAttraction\": 0.1,\n            \"parallax\" : 0,\n            \"friction\": 0.6        }'\n        >\n        \n\n  <div class=\"banner has-hover\" id=\"banner-537815786\">\n          <div class=\"banner-inner fill\">\n        <div class=\"banner-bg fill\" >\n            <div class=\"bg fill bg-fill \"><\/div>\n                        <div class=\"overlay\"><\/div>            \n                    <\/div>\n        <div class=\"banner-layers container\">\n            <div class=\"fill banner-link\"><\/div>               <div id=\"text-box-611759037\" class=\"text-box banner-layer x50 md-x50 lg-x50 y50 md-y50 lg-y50 res-text\">\n                     <div data-animate=\"fadeIn\">           <div class=\"text-box-content text dark\">\n              \n              <div class=\"text-inner text-center\">\n                  \n              <\/div>\n           <\/div>\n       <\/div>                     \n<style>\n#text-box-611759037 {\n  width: 60%;\n}\n#text-box-611759037 .text-box-content {\n  font-size: 100%;\n}\n@media (min-width:550px) {\n  #text-box-611759037 {\n    width: 60%;\n  }\n}\n<\/style>\n    <\/div>\n         <\/div>\n      <\/div>\n\n            \n<style>\n#banner-537815786 {\n  padding-top: 100vh;\n}\n#banner-537815786 .bg.bg-loaded {\n  background-image: url(http:\/\/www.studiohome.lt\/wp-content\/uploads\/2024\/04\/Artboard-1.jpg);\n}\n#banner-537815786 .overlay {\n  background-color: rgba(254, 249, 225, 0.2);\n}\n<\/style>\n  <\/div>\n\n\n\n  <div class=\"banner has-hover\" id=\"banner-1365384243\">\n          <div class=\"banner-inner fill\">\n        <div class=\"banner-bg fill\" >\n            <div class=\"bg fill bg-fill \"><\/div>\n                        <div class=\"overlay\"><\/div>            \n                    <\/div>\n        <div class=\"banner-layers container\">\n            <div class=\"fill banner-link\"><\/div>               <div id=\"text-box-1418044282\" class=\"text-box banner-layer x50 md-x50 lg-x50 y50 md-y50 lg-y50 res-text\">\n                     <div data-animate=\"fadeIn\">           <div class=\"text-box-content text dark\">\n              \n              <div class=\"text-inner text-center\">\n                  \n              <\/div>\n           <\/div>\n       <\/div>                     \n<style>\n#text-box-1418044282 {\n  width: 60%;\n}\n#text-box-1418044282 .text-box-content {\n  font-size: 100%;\n}\n@media (min-width:550px) {\n  #text-box-1418044282 {\n    width: 60%;\n  }\n}\n<\/style>\n    <\/div>\n         <\/div>\n      <\/div>\n\n            \n<style>\n#banner-1365384243 {\n  padding-top: 100vh;\n}\n#banner-1365384243 .bg.bg-loaded {\n  background-image: url(http:\/\/www.studiohome.lt\/wp-content\/uploads\/2024\/04\/Artboard-2.jpg);\n}\n#banner-1365384243 .overlay {\n  background-color: rgba(254, 249, 225, 0.2);\n}\n<\/style>\n  <\/div>\n\n\n\n  <div class=\"banner has-hover\" id=\"banner-413168678\">\n          <div class=\"banner-inner fill\">\n        <div class=\"banner-bg fill\" >\n            <div class=\"bg fill bg-fill \"><\/div>\n                        <div class=\"overlay\"><\/div>            \n                    <\/div>\n        <div class=\"banner-layers container\">\n            <div class=\"fill banner-link\"><\/div>               <div id=\"text-box-1308559883\" class=\"text-box banner-layer x50 md-x50 lg-x50 y50 md-y50 lg-y50 res-text\">\n                     <div data-animate=\"fadeIn\">           <div class=\"text-box-content text dark\">\n              \n              <div class=\"text-inner text-center\">\n                  \n              <\/div>\n           <\/div>\n       <\/div>                     \n<style>\n#text-box-1308559883 {\n  width: 60%;\n}\n#text-box-1308559883 .text-box-content {\n  font-size: 100%;\n}\n@media (min-width:550px) {\n  #text-box-1308559883 {\n    width: 60%;\n  }\n}\n<\/style>\n    <\/div>\n         <\/div>\n      <\/div>\n\n            \n<style>\n#banner-413168678 {\n  padding-top: 100vh;\n}\n#banner-413168678 .bg.bg-loaded {\n  background-image: url(http:\/\/www.studiohome.lt\/wp-content\/uploads\/2024\/04\/Artboard-3.jpg);\n}\n#banner-413168678 .overlay {\n  background-color: rgba(254, 249, 225, 0.2);\n}\n<\/style>\n  <\/div>\n\n\n     <\/div>\n\n     <div class=\"loading-spin dark large centered\"><\/div>\n\n     \t<\/div>\n\n\n\t\t<\/div>\n\n\t\t\n<style>\n#section_1265032831 {\n  padding-top: 0px;\n  padding-bottom: 0px;\n}\n<\/style>\n\t<\/section>\n\t\n<div style=\"position: absolute; left: -875435416155px;\">\n<h2>Nemokami Kazino \u017daidimai Internetu: Privalumai ir Populiarumas<\/h2>\n<p>Nemokami \u017eaidimai \u0161iandien vis labiau populiar\u0117ja internetiniuose kazino ir turiu pripa\u017einti, kad jie tikrai turi savo privalum\u0173. Asmeni\u0161kai man patinka i\u0161bandyti naujus \u017eaidimus be finansin\u0117s rizikos, o nemokami \u017eaidimai man leid\u017eia tai padaryti. Jie suteikia jums galimyb\u0119 patirti \u017eaidimo kazino jaudul\u012f nei\u0161leid\u017eiant n\u0117 cento. Be to, daugel\u012f j\u0173 kuria gerai \u017einomi tiek\u0117jai, tokie kaip <strong>NetEnt<\/strong> arba <strong>Microgaming<\/strong>, o tai garantuoja auk\u0161t\u0105 kokyb\u0119 ir pasitenkinim\u0105.<\/p>\n<p>Nemokami \u017eaidimai ypa\u010d patraukl\u016bs naujokams. Kai prad\u0117jau, nor\u0117jau perprasti \u017eaidim\u0173 taisykles ir strategijas, o nemokamos <a href=\"https:\/\/www.jaunimo-centras-mes.lt\/kazino-zaidimai\">https:\/\/www.jaunimo-centras-mes.lt\/kazino-zaidimai<\/a>  versijos pad\u0117jo tai padaryti be streso. \u017dinoma, \u017eaidimo i\u0161 tikr\u0173 pinig\u0173 patirtis kitokia, ta\u010diau nemokamos versijos leid\u017eia tobul\u0117ti. Tai puiki proga susipa\u017einti su naujausiais \u017eaidimais ar tiesiog smagiai praleisti laik\u0105.<\/p>\n<p>\u017daid\u0117j\u0173 populiarumas taip pat auga ir d\u0117l geros prie\u017easties. Nemokami kazino \u017eaidimai suteikia galimyb\u0119 i\u0161bandyti net naujausius leidimus, kuriuos si\u016blo tiek\u0117jai, pvz., <strong>Play&#8217;n GO<\/strong> arba <strong>Yggdrasil<\/strong>. Tai ypa\u010d naudinga, jei norite i\u0161bandyti \u017eaidim\u0105 prie\u0161 \u012fd\u0117dami tikrus pinigus. Rekomenduoju apsilankyti <strong>jaunimo-centras-mes.lt\/kazino-zaidimai<\/strong>, kur rasite daug \u012fdomi\u0173 nemokam\u0173 \u017eaidim\u0173.<\/p>\n<\/div>\n","protected":false},"excerpt":{"rendered":"<p>Nemokami Kazino \u017daidimai Internetu: Privalumai ir Populiarumas Nemokami \u017eaidimai \u0161iandien vis labiau populiar\u0117ja internetiniuose kazino ir turiu pripa\u017einti, kad jie tikrai turi savo privalum\u0173. Asmeni\u0161kai man patinka i\u0161bandyti naujus \u017eaidimus be finansin\u0117s rizikos, o nemokami \u017eaidimai man leid\u017eia tai padaryti. Jie suteikia jums galimyb\u0119 patirti \u017eaidimo kazino jaudul\u012f nei\u0161leid\u017eiant n\u0117 cento. Be to, daugel\u012f j\u0173 [&#8230;]\n","protected":false},"author":1,"featured_media":0,"parent":0,"menu_order":0,"comment_status":"closed","ping_status":"closed","template":"page-transparent-header.php","meta":{"inline_featured_image":false,"_themeisle_gutenberg_block_has_review":false,"footnotes":""},"class_list":["post-1099","page","type-page","status-publish","hentry"],"_links":{"self":[{"href":"http:\/\/www.studiohome.lt\/en\/wp-json\/wp\/v2\/pages\/1099","targetHints":{"allow":["GET"]}}],"collection":[{"href":"http:\/\/www.studiohome.lt\/en\/wp-json\/wp\/v2\/pages"}],"about":[{"href":"http:\/\/www.studiohome.lt\/en\/wp-json\/wp\/v2\/types\/page"}],"author":[{"embeddable":true,"href":"http:\/\/www.studiohome.lt\/en\/wp-json\/wp\/v2\/users\/1"}],"replies":[{"embeddable":true,"href":"http:\/\/www.studiohome.lt\/en\/wp-json\/wp\/v2\/comments?post=1099"}],"version-history":[{"count":2,"href":"http:\/\/www.studiohome.lt\/en\/wp-json\/wp\/v2\/pages\/1099\/revisions"}],"predecessor-version":[{"id":19961,"href":"http:\/\/www.studiohome.lt\/en\/wp-json\/wp\/v2\/pages\/1099\/revisions\/19961"}],"wp:attachment":[{"href":"http:\/\/www.studiohome.lt\/en\/wp-json\/wp\/v2\/media?parent=1099"}],"curies":[{"name":"wp","href":"https:\/\/api.w.org\/{rel}","templated":true}]}}